{"id":2997,"date":"2024-07-24T15:04:31","date_gmt":"2024-07-24T13:04:31","guid":{"rendered":"https:\/\/neu.buendnerfleisch.swiss\/?page_id=2997"},"modified":"2026-01-15T11:39:22","modified_gmt":"2026-01-15T10:39:22","slug":"campaigns","status":"publish","type":"page","link":"https:\/\/www.buendnerfleisch.swiss\/en\/campaigns\/","title":{"rendered":"Campaigns"},"content":{"rendered":"<div   class='avia-fullscreen-slider main_color   avia-builder-el-0  el_before_av_one_fifth  avia-builder-el-first  container_wrap fullsize'  ><div  class='avia-slideshow av-lyzuwhw2-b352df3c37ac1cfe476abc7109d2eaaf avia-slideshow-extra_large av_fullscreen avia-slide-slider av-slideshow-ui av-control-hidden av-no-slider-navigation av-hide-nav-arrows av-slideshow-manual av-loop-once av-loop-manual-endless av-default-height-applied   avia-slideshow-1' data-slideshow-options=\"{&quot;animation&quot;:&quot;slide&quot;,&quot;autoplay&quot;:false,&quot;loop_autoplay&quot;:&quot;once&quot;,&quot;interval&quot;:5,&quot;loop_manual&quot;:&quot;manual-endless&quot;,&quot;autoplay_stopper&quot;:false,&quot;noNavigation&quot;:true,&quot;bg_slider&quot;:true,&quot;keep_padding&quot;:false,&quot;hoverpause&quot;:false,&quot;show_slide_delay&quot;:0,&quot;slide_height&quot;:&quot;100&quot;,&quot;image_attachment&quot;:&quot;scroll&quot;}\"  itemprop=\"image\" itemscope=\"itemscope\" itemtype=\"https:\/\/schema.org\/ImageObject\" ><ul class='avia-slideshow-inner ' style='padding-bottom: 56.266666666667%;'><li style='background-position:bottom center;' data-img-url='https:\/\/www.buendnerfleisch.swiss\/wp-content\/uploads\/2018\/07\/buendnerfleisch_180717161514-1-1500x844.jpg' class='avia-slideshow-slide av-lyzuwhw2-b352df3c37ac1cfe476abc7109d2eaaf__0  av-single-slide slide-1 slide-odd'><div data-rel='slideshow-1' class='avia-slide-wrap '   ><\/div><\/li><\/ul><div class='av-slideshow-caption av-lyzuwhw2-b352df3c37ac1cfe476abc7109d2eaaf__0 caption_fullwidth caption_bottom'><div class=\"container caption_container\"><div class=\"slideshow_caption\"><div class=\"slideshow_inner_caption\"><div class=\"slideshow_align_caption\"><h1 class='avia-caption-title '  itemprop=\"name\" >Campaigns<\/h1><div class='avia-caption-content '  itemprop=\"description\" ><p>Dry-cured beef from the Grisons<\/p>\n<\/div><\/div><\/div><\/div><\/div><\/div><\/div><\/div><div id='after_full_slider_1'  class='main_color av_default_container_wrap container_wrap fullsize'  ><div class='container av-section-cont-open' ><div class='template-page content  av-content-full alpha units'><div class='post-entry post-entry-type-page post-entry-2997'><div class='entry-content-wrapper clearfix'>\n<div  class='flex_column av-pdbnfp-97372e049d8ffaa4660cae4c9937740d av_one_fifth  avia-builder-el-1  el_after_av_fullscreen  el_before_av_three_fifth  avia-builder-el-first  first flex_column_div  '     ><\/div>\n<div  class='flex_column av-2efzmt-8dd549ff0914a279df71da4c647c1c49 av_three_fifth  avia-builder-el-2  el_after_av_one_fifth  el_before_av_one_fifth  flex_column_div  '     ><section  class='av_textblock_section av-mbetg5-30594e54d52b0f0c4d19c5ad08031905 '   itemscope=\"itemscope\" itemtype=\"https:\/\/schema.org\/CreativeWork\" ><div class='avia_textblock lead'  itemprop=\"text\" ><p>So traditional and yet innovative. So simple and yet impressive. So consistent and yet always surprising. Campaigns by the Association of B\u00fcndnerfleich Producers reflect the unmistakable taste and outstanding quality of B\u00fcndnerfleisch in the best possible way.<\/p>\n<\/div><\/section><\/div>\n<div  class='flex_column av-lg1pat-cc78d03f3842f7e9007f637f749bd786 av_one_fifth  avia-builder-el-4  el_after_av_three_fifth  el_before_av_section  avia-builder-el-last  flex_column_div  '     ><\/div>\n<\/div><\/div><\/div><!-- close content main div --><\/div><\/div><div id='av_section_1'  class='avia-section av-av_section-428a954f089fec72536014f3c286a0c3 main_color avia-section-default avia-no-border-styling  avia-builder-el-5  el_after_av_one_fifth  el_before_av_section  teaserelement avia-bg-style-scroll container_wrap fullsize'  ><div class='container av-section-cont-open' ><div class='template-page content  av-content-full alpha units'><div class='post-entry post-entry-type-page post-entry-2997'><div class='entry-content-wrapper clearfix'>\n<div class='flex_column_table av-av_one_half-f5c462dcd6b21bde6a9cf693d72c97e0 sc-av_one_half av-equal-height-column-flextable'><div  class='flex_column av-av_one_half-f5c462dcd6b21bde6a9cf693d72c97e0 av_one_half  avia-builder-el-6  el_before_av_one_half  avia-builder-el-first  first no_margin flex_column_table_cell av-equal-height-column av-align-top av-animated-generic left-to-right avia-link-column av-column-link  '    data-link-column-url=\"https:\/\/www.buendnerfleisch.swiss\/rezept\/buendnerfleisch-mit-humor-gewuerzt\/\"   ><a class=\"av-screen-reader-only\" href=https:\/\/www.buendnerfleisch.swiss\/rezept\/buendnerfleisch-mit-humor-gewuerzt\/ >Link to: B\u00fcndnerfleisch. Mit Humor gew\u00fcrzt<\/a><section  class='av_textblock_section av-mkfbhwr1-c7cf34cbf4e7751b7a6ea6851bc8d167 '   itemscope=\"itemscope\" itemtype=\"https:\/\/schema.org\/CreativeWork\" ><div class='avia_textblock'  itemprop=\"text\" ><h2>Dry-cured beef from the Grisons. Seasoned with humour<\/h2>\n<p>Following the success of its last campaign, the Verband B\u00fcndner Fleischfabrikanten is once again focusing on humour, charm and genuine Graub\u00fcnden joie de vivre in 2025. The new campaign shows dry-cured beef from the Grisons from its humorous side \u2013 fresh, cheeky and with a wink.<\/p>\n<\/div><\/section><\/div><div  class='flex_column av-av_one_half-324045aba76f07ff240ed1bd9d87198a av_one_half  avia-builder-el-8  el_after_av_one_half  avia-builder-el-last  no_margin flex_column_table_cell av-equal-height-column av-align-top av-animated-generic bottom-to-top avia-link-column av-column-link  '    data-link-column-url=\"https:\/\/www.buendnerfleisch.swiss\/rezept\/mission-high-dry\/\"   ><a class=\"av-screen-reader-only\" href=https:\/\/www.buendnerfleisch.swiss\/rezept\/mission-high-dry\/ >Link to: Mission High Dry<\/a><style type=\"text\/css\" data-created_by=\"avia_inline_auto\" id=\"style-css-av-av_image-2f5a79b68877035f24d01256ecb1bbca\">\n.avia-image-container.av-av_image-2f5a79b68877035f24d01256ecb1bbca img.avia_image{\nbox-shadow:none;\n}\n.avia-image-container.av-av_image-2f5a79b68877035f24d01256ecb1bbca .av-image-caption-overlay-center{\ncolor:#ffffff;\n}\n<\/style>\n<div  class='avia-image-container av-av_image-2f5a79b68877035f24d01256ecb1bbca av-styling- avia-align-center  avia-builder-el-9  avia-builder-el-no-sibling '   itemprop=\"image\" itemscope=\"itemscope\" itemtype=\"https:\/\/schema.org\/ImageObject\" ><div class=\"avia-image-container-inner\"><div class=\"avia-image-overlay-wrap\"><img decoding=\"async\" fetchpriority=\"high\" class='wp-image-3972 avia-img-lazy-loading-not-3972 avia_image ' src=\"https:\/\/www.buendnerfleisch.swiss\/wp-content\/uploads\/2026\/01\/humor_gewuerzt.jpg\" alt='' title='humor_gewuerzt'  height=\"541\" width=\"1108\"  itemprop=\"thumbnailUrl\" srcset=\"https:\/\/www.buendnerfleisch.swiss\/wp-content\/uploads\/2026\/01\/humor_gewuerzt.jpg 1108w, https:\/\/www.buendnerfleisch.swiss\/wp-content\/uploads\/2026\/01\/humor_gewuerzt-300x146.jpg 300w, https:\/\/www.buendnerfleisch.swiss\/wp-content\/uploads\/2026\/01\/humor_gewuerzt-1030x503.jpg 1030w, https:\/\/www.buendnerfleisch.swiss\/wp-content\/uploads\/2026\/01\/humor_gewuerzt-768x375.jpg 768w, https:\/\/www.buendnerfleisch.swiss\/wp-content\/uploads\/2026\/01\/humor_gewuerzt-705x344.jpg 705w\" sizes=\"(max-width: 1108px) 100vw, 1108px\" \/><\/div><\/div><\/div><\/div><\/div><!--close column table wrapper. Autoclose: 1 --><\/div><\/div><\/div><!-- close content main div --><\/div><\/div><div id='av_section_2'  class='avia-section av-7uk6at-917f9a9fa2ded968c84435e6142a2c84 main_color avia-section-default avia-no-border-styling  avia-builder-el-10  el_after_av_section  el_before_av_section  teaserelement reverse avia-bg-style-scroll container_wrap fullsize'  ><div class='container av-section-cont-open' ><div class='template-page content  av-content-full alpha units'><div class='post-entry post-entry-type-page post-entry-2997'><div class='entry-content-wrapper clearfix'>\n<div class='flex_column_table av-5xew3p-122a82ba323b98765877d17925ef4fc0 sc-av_one_half av-equal-height-column-flextable'><div  class='flex_column av-5xew3p-122a82ba323b98765877d17925ef4fc0 av_one_half  avia-builder-el-11  el_before_av_one_half  avia-builder-el-first  first no_margin flex_column_table_cell av-equal-height-column av-align-top av-animated-generic bottom-to-top avia-link-column av-column-link  '    data-link-column-url=\"https:\/\/www.buendnerfleisch.swiss\/en\/rezept\/buendnerfleisch-speciality-from-grisons\/\"   ><a class=\"av-screen-reader-only\" href=https:\/\/www.buendnerfleisch.swiss\/en\/rezept\/buendnerfleisch-speciality-from-grisons\/ >Link to: B\u00fcndnerfleisch. Speciality from Grisons<\/a><style type=\"text\/css\" data-created_by=\"avia_inline_auto\" id=\"style-css-av-4ovo1x-a97edb6ae4d91c13b9b33a3d1309a65c\">\n.avia-image-container.av-4ovo1x-a97edb6ae4d91c13b9b33a3d1309a65c img.avia_image{\nbox-shadow:none;\n}\n.avia-image-container.av-4ovo1x-a97edb6ae4d91c13b9b33a3d1309a65c .av-image-caption-overlay-center{\ncolor:#ffffff;\n}\n<\/style>\n<div  class='avia-image-container av-4ovo1x-a97edb6ae4d91c13b9b33a3d1309a65c av-styling- avia-align-center  avia-builder-el-12  avia-builder-el-no-sibling '   itemprop=\"image\" itemscope=\"itemscope\" itemtype=\"https:\/\/schema.org\/ImageObject\" ><div class=\"avia-image-container-inner\"><div class=\"avia-image-overlay-wrap\"><img decoding=\"async\" fetchpriority=\"high\" class='wp-image-3739 avia-img-lazy-loading-not-3739 avia_image ' src=\"https:\/\/www.buendnerfleisch.swiss\/wp-content\/uploads\/2024\/08\/RGB_DSC00707_klein-1030x637.jpg\" alt='' title='RGB_DSC00707_klein'  height=\"637\" width=\"1030\"  itemprop=\"thumbnailUrl\" srcset=\"https:\/\/www.buendnerfleisch.swiss\/wp-content\/uploads\/2024\/08\/RGB_DSC00707_klein-1030x637.jpg 1030w, https:\/\/www.buendnerfleisch.swiss\/wp-content\/uploads\/2024\/08\/RGB_DSC00707_klein-300x185.jpg 300w, https:\/\/www.buendnerfleisch.swiss\/wp-content\/uploads\/2024\/08\/RGB_DSC00707_klein-768x475.jpg 768w, https:\/\/www.buendnerfleisch.swiss\/wp-content\/uploads\/2024\/08\/RGB_DSC00707_klein-1536x950.jpg 1536w, https:\/\/www.buendnerfleisch.swiss\/wp-content\/uploads\/2024\/08\/RGB_DSC00707_klein-1500x927.jpg 1500w, https:\/\/www.buendnerfleisch.swiss\/wp-content\/uploads\/2024\/08\/RGB_DSC00707_klein-705x436.jpg 705w, https:\/\/www.buendnerfleisch.swiss\/wp-content\/uploads\/2024\/08\/RGB_DSC00707_klein.jpg 1682w\" sizes=\"(max-width: 1030px) 100vw, 1030px\" \/><\/div><\/div><\/div><\/div><div  class='flex_column av-2w2mut-b31dd3a9edd22b6833317d5bb1ca9c00 av_one_half  avia-builder-el-13  el_after_av_one_half  avia-builder-el-last  no_margin flex_column_table_cell av-equal-height-column av-align-top av-animated-generic right-to-left avia-link-column av-column-link  '    data-link-column-url=\"https:\/\/www.buendnerfleisch.swiss\/en\/rezept\/buendnerfleisch-speciality-from-grisons\/\"   ><a class=\"av-screen-reader-only\" href=https:\/\/www.buendnerfleisch.swiss\/en\/rezept\/buendnerfleisch-speciality-from-grisons\/ >Link to: B\u00fcndnerfleisch. Speciality from Grisons<\/a><section  class='av_textblock_section av-m0ulmm3w-9430633adb835314e7a7a9d1edc8ed88 '   itemscope=\"itemscope\" itemtype=\"https:\/\/schema.org\/CreativeWork\" ><div class='avia_textblock'  itemprop=\"text\" ><h2>Dry-cured beef. Speciality from Grisons<\/h2>\n<p>What is there to learn about B\u00fcndnerfleisch? And how can this specialty be optimally integrated into everyday life? Learn some exciting facts about B\u00fcndnerfleisch and try delicious recipe ideas.<\/p>\n<\/div><\/section><\/div><\/div><!--close column table wrapper. Autoclose: 1 -->\n<\/p>\n<\/div><\/div><\/div><!-- close content main div --><\/div><\/div><div id='av_section_3'  class='avia-section av-iwq8j9-5d2cfc88cb105ad29df15703ce94827c main_color avia-section-default avia-no-border-styling  avia-builder-el-15  el_after_av_section  el_before_av_section  teaserelement avia-bg-style-scroll container_wrap fullsize'  ><div class='container av-section-cont-open' ><div class='template-page content  av-content-full alpha units'><div class='post-entry post-entry-type-page post-entry-2997'><div class='entry-content-wrapper clearfix'>\n<div class='flex_column_table av-hqitgl-077593969fd2e6d966715bb415db2f4a sc-av_one_half av-equal-height-column-flextable'><div  class='flex_column av-hqitgl-077593969fd2e6d966715bb415db2f4a av_one_half  avia-builder-el-16  el_before_av_one_half  avia-builder-el-first  first flex_column_table_cell av-equal-height-column av-align-middle av-animated-generic left-to-right avia-link-column av-column-link  '    data-link-column-url=\"https:\/\/www.buendnerfleisch.swiss\/rezept\/mission-high-dry\/\"   ><a class=\"av-screen-reader-only\" href=https:\/\/www.buendnerfleisch.swiss\/rezept\/mission-high-dry\/ >Link to: Mission High Dry<\/a><section  class='av_textblock_section av-felk11-54bf912028c58db8f776cba65d1cb231 '   itemscope=\"itemscope\" itemtype=\"https:\/\/schema.org\/CreativeWork\" ><div class='avia_textblock'  itemprop=\"text\" ><h2>Aiming High. <span class=\"addon\">Mission High Dry<\/span><\/h2>\n<p>With the Mission High Dry, four B\u00fcndnerfleisch producers dared a culinary experiment: will B\u00fcndnerfleisch be even better if it is dried even higher than in the B\u00fcndner mountains?<\/p>\n<\/div><\/section><\/div><div class='av-flex-placeholder'><\/div><div  class='flex_column av-e5gwdh-a7ccc38cee50c2ee68c8f42fd4a11adf av_one_half  avia-builder-el-18  el_after_av_one_half  avia-builder-el-last  flex_column_table_cell av-equal-height-column av-align-middle av-animated-generic bottom-to-top avia-link-column av-column-link  '    data-link-column-url=\"https:\/\/www.buendnerfleisch.swiss\/rezept\/mission-high-dry\/\"   ><a class=\"av-screen-reader-only\" href=https:\/\/www.buendnerfleisch.swiss\/rezept\/mission-high-dry\/ >Link to: Mission High Dry<\/a><style type=\"text\/css\" data-created_by=\"avia_inline_auto\" id=\"style-css-av-bs5p3p-ccaab53a4cf8f8f9c4f40a2a37b00246\">\n.avia-image-container.av-bs5p3p-ccaab53a4cf8f8f9c4f40a2a37b00246 img.avia_image{\nbox-shadow:none;\n}\n.avia-image-container.av-bs5p3p-ccaab53a4cf8f8f9c4f40a2a37b00246 .av-image-caption-overlay-center{\ncolor:#ffffff;\n}\n<\/style>\n<div  class='avia-image-container av-bs5p3p-ccaab53a4cf8f8f9c4f40a2a37b00246 av-styling- avia-align-center  avia-builder-el-19  avia-builder-el-no-sibling '   itemprop=\"image\" itemscope=\"itemscope\" itemtype=\"https:\/\/schema.org\/ImageObject\" ><div class=\"avia-image-container-inner\"><div class=\"avia-image-overlay-wrap\"><img decoding=\"async\" fetchpriority=\"high\" class='wp-image-2867 avia-img-lazy-loading-not-2867 avia_image ' src=\"https:\/\/www.buendnerfleisch.swiss\/wp-content\/uploads\/2024\/07\/Buendnerfleisch_in_der_Stratosphaere.jpg\" alt='' title='Buendnerfleisch_in_der_Stratosphaere'  height=\"1181\" width=\"2100\"  itemprop=\"thumbnailUrl\" srcset=\"https:\/\/www.buendnerfleisch.swiss\/wp-content\/uploads\/2024\/07\/Buendnerfleisch_in_der_Stratosphaere.jpg 2100w, https:\/\/www.buendnerfleisch.swiss\/wp-content\/uploads\/2024\/07\/Buendnerfleisch_in_der_Stratosphaere-300x169.jpg 300w, https:\/\/www.buendnerfleisch.swiss\/wp-content\/uploads\/2024\/07\/Buendnerfleisch_in_der_Stratosphaere-1030x579.jpg 1030w, https:\/\/www.buendnerfleisch.swiss\/wp-content\/uploads\/2024\/07\/Buendnerfleisch_in_der_Stratosphaere-768x432.jpg 768w, https:\/\/www.buendnerfleisch.swiss\/wp-content\/uploads\/2024\/07\/Buendnerfleisch_in_der_Stratosphaere-1536x864.jpg 1536w, https:\/\/www.buendnerfleisch.swiss\/wp-content\/uploads\/2024\/07\/Buendnerfleisch_in_der_Stratosphaere-2048x1152.jpg 2048w, https:\/\/www.buendnerfleisch.swiss\/wp-content\/uploads\/2024\/07\/Buendnerfleisch_in_der_Stratosphaere-1500x844.jpg 1500w, https:\/\/www.buendnerfleisch.swiss\/wp-content\/uploads\/2024\/07\/Buendnerfleisch_in_der_Stratosphaere-705x396.jpg 705w\" sizes=\"(max-width: 2100px) 100vw, 2100px\" \/><\/div><\/div><\/div><\/div><\/div><!--close column table wrapper. Autoclose: 1 -->\n\n<\/div><\/div><\/div><!-- close content main div --><\/div><\/div><div id='av_section_4'  class='avia-section av-b32ho5-d27cee1632237f5ffea848a0fd493af2 main_color avia-section-default avia-no-border-styling  avia-builder-el-20  el_after_av_section  el_before_av_hr  teaserelement avia-bg-style-scroll container_wrap fullsize'  ><div class='container av-section-cont-open' ><div class='template-page content  av-content-full alpha units'><div class='post-entry post-entry-type-page post-entry-2997'><div class='entry-content-wrapper clearfix'>\n<div  class='flex_column av-9u1owl-a5cb7365292a2f691a7aad091279c358 av_one_half  avia-builder-el-21  el_before_av_one_half  avia-builder-el-first  first flex_column_div av-animated-generic bottom-to-top avia-link-column av-column-link  '    data-link-column-url=\"https:\/\/www.buendnerfleisch.swiss\/rezept\/energie-vom-feinsten\/\"   ><a class=\"av-screen-reader-only\" href=https:\/\/www.buendnerfleisch.swiss\/rezept\/energie-vom-feinsten\/ >Link to: Energie vom Feinsten<\/a><style type=\"text\/css\" data-created_by=\"avia_inline_auto\" id=\"style-css-av-6u2imt-e2fcdae18a063fc40f7eb6ea7ff5163f\">\n.avia-image-container.av-6u2imt-e2fcdae18a063fc40f7eb6ea7ff5163f img.avia_image{\nbox-shadow:none;\n}\n.avia-image-container.av-6u2imt-e2fcdae18a063fc40f7eb6ea7ff5163f .av-image-caption-overlay-center{\ncolor:#ffffff;\n}\n<\/style>\n<div  class='avia-image-container av-6u2imt-e2fcdae18a063fc40f7eb6ea7ff5163f av-styling- avia-align-center  avia-builder-el-22  avia-builder-el-no-sibling '   itemprop=\"image\" itemscope=\"itemscope\" itemtype=\"https:\/\/schema.org\/ImageObject\" ><div class=\"avia-image-container-inner\"><div class=\"avia-image-overlay-wrap\"><img decoding=\"async\" fetchpriority=\"high\" class='wp-image-2170 avia-img-lazy-loading-not-2170 avia_image ' src=\"https:\/\/www.buendnerfleisch.swiss\/wp-content\/uploads\/2018\/10\/GRF_Buendnerfleisch_3er_sRGB_web.jpg\" alt='' title='Energie vom Feinsten'  height=\"1667\" width=\"2500\"  itemprop=\"thumbnailUrl\" srcset=\"https:\/\/www.buendnerfleisch.swiss\/wp-content\/uploads\/2018\/10\/GRF_Buendnerfleisch_3er_sRGB_web.jpg 2500w, https:\/\/www.buendnerfleisch.swiss\/wp-content\/uploads\/2018\/10\/GRF_Buendnerfleisch_3er_sRGB_web-300x200.jpg 300w, https:\/\/www.buendnerfleisch.swiss\/wp-content\/uploads\/2018\/10\/GRF_Buendnerfleisch_3er_sRGB_web-768x512.jpg 768w, https:\/\/www.buendnerfleisch.swiss\/wp-content\/uploads\/2018\/10\/GRF_Buendnerfleisch_3er_sRGB_web-1030x687.jpg 1030w, https:\/\/www.buendnerfleisch.swiss\/wp-content\/uploads\/2018\/10\/GRF_Buendnerfleisch_3er_sRGB_web-1500x1000.jpg 1500w, https:\/\/www.buendnerfleisch.swiss\/wp-content\/uploads\/2018\/10\/GRF_Buendnerfleisch_3er_sRGB_web-705x470.jpg 705w, https:\/\/www.buendnerfleisch.swiss\/wp-content\/uploads\/2018\/10\/GRF_Buendnerfleisch_3er_sRGB_web-450x300.jpg 450w\" sizes=\"(max-width: 2500px) 100vw, 2500px\" \/><\/div><\/div><\/div><\/div><div  class='flex_column av-6ha4k5-b1f548aee97ff524dff5640a507926ea av_one_half  avia-builder-el-23  el_after_av_one_half  avia-builder-el-last  flex_column_div av-animated-generic right-to-left avia-link-column av-column-link  '    data-link-column-url=\"https:\/\/www.buendnerfleisch.swiss\/rezept\/energie-vom-feinsten\/\"   ><a class=\"av-screen-reader-only\" href=https:\/\/www.buendnerfleisch.swiss\/rezept\/energie-vom-feinsten\/ >Link to: Energie vom Feinsten<\/a><section  class='av_textblock_section av-3o5811-3fbdd4f5d9363cbdad414fa67c566bcc '   itemscope=\"itemscope\" itemtype=\"https:\/\/schema.org\/CreativeWork\" ><div class='avia_textblock'  itemprop=\"text\" ><h2>First class. <span class=\"addon\">Energy at its finest<\/span><\/h2>\n<p>B\u00fcndnerfleisch is not only a delicacy but also one of the best natural, healthy and high-quality energy providers. We promoted this with three types of designer packaging which were launched in September 2018.<\/p>\n<\/div><\/section><\/div>\n<\/div><\/div><\/div><!-- close content main div --><\/div><\/div><div id='after_section_4'  class='main_color av_default_container_wrap container_wrap fullsize'  ><div class='container av-section-cont-open' ><div class='template-page content  av-content-full alpha units'><div class='post-entry post-entry-type-page post-entry-2997'><div class='entry-content-wrapper clearfix'>\n\n<style type=\"text\/css\" data-created_by=\"avia_inline_auto\" id=\"style-css-av-2tgr85-50337f862a1d9d235a0a957dfc275dd7\">\n#top .hr.hr-invisible.av-2tgr85-50337f862a1d9d235a0a957dfc275dd7{\nheight:100px;\n}\n<\/style>\n<div  class='hr av-2tgr85-50337f862a1d9d235a0a957dfc275dd7 hr-invisible  avia-builder-el-25  el_after_av_section  avia-builder-el-no-sibling '><span class='hr-inner '><span class=\"hr-inner-style\"><\/span><\/span><\/div>\n","protected":false},"excerpt":{"rendered":"","protected":false},"author":1,"featured_media":0,"parent":0,"menu_order":0,"comment_status":"closed","ping_status":"closed","template":"","meta":{"inline_featured_image":false,"footnotes":""},"class_list":["post-2997","page","type-page","status-publish","hentry"],"yoast_head":"<!-- This site is optimized with the Yoast SEO plugin v23.4 - https:\/\/yoast.com\/wordpress\/plugins\/seo\/ -->\n<title>Campaigns - B\u00fcndnerfleisch<\/title>\n<meta name=\"description\" content=\"Our Campaigns reflect the unmistakable taste and outstanding quality of B\u00fcndnerfleisch in the best possible way.\" \/>\n<meta name=\"robots\" content=\"index, follow, max-snippet:-1, max-image-preview:large, max-video-preview:-1\" \/>\n<link rel=\"canonical\" href=\"https:\/\/www.buendnerfleisch.swiss\/en\/campaigns\/\" \/>\n<meta property=\"og:locale\" content=\"en_US\" \/>\n<meta property=\"og:type\" content=\"article\" \/>\n<meta property=\"og:title\" content=\"Campaigns - B\u00fcndnerfleisch\" \/>\n<meta property=\"og:description\" content=\"Our Campaigns reflect the unmistakable taste and outstanding quality of B\u00fcndnerfleisch in the best possible way.\" \/>\n<meta property=\"og:url\" content=\"https:\/\/www.buendnerfleisch.swiss\/en\/campaigns\/\" \/>\n<meta property=\"og:site_name\" content=\"B\u00fcndnerfleisch\" \/>\n<meta property=\"article:modified_time\" content=\"2026-01-15T10:39:22+00:00\" \/>\n<meta name=\"twitter:card\" content=\"summary_large_image\" \/>\n<meta name=\"twitter:label1\" content=\"Est. reading time\" \/>\n\t<meta name=\"twitter:data1\" content=\"3 minutes\" \/>\n<script type=\"application\/ld+json\" class=\"yoast-schema-graph\">{\"@context\":\"https:\/\/schema.org\",\"@graph\":[{\"@type\":\"WebPage\",\"@id\":\"https:\/\/www.buendnerfleisch.swiss\/en\/campaigns\/\",\"url\":\"https:\/\/www.buendnerfleisch.swiss\/en\/campaigns\/\",\"name\":\"Campaigns - B\u00fcndnerfleisch\",\"isPartOf\":{\"@id\":\"https:\/\/www.buendnerfleisch.swiss\/#website\"},\"datePublished\":\"2024-07-24T13:04:31+00:00\",\"dateModified\":\"2026-01-15T10:39:22+00:00\",\"description\":\"Our Campaigns reflect the unmistakable taste and outstanding quality of B\u00fcndnerfleisch in the best possible way.\",\"breadcrumb\":{\"@id\":\"https:\/\/www.buendnerfleisch.swiss\/en\/campaigns\/#breadcrumb\"},\"inLanguage\":\"en-US\",\"potentialAction\":[{\"@type\":\"ReadAction\",\"target\":[\"https:\/\/www.buendnerfleisch.swiss\/en\/campaigns\/\"]}]},{\"@type\":\"BreadcrumbList\",\"@id\":\"https:\/\/www.buendnerfleisch.swiss\/en\/campaigns\/#breadcrumb\",\"itemListElement\":[{\"@type\":\"ListItem\",\"position\":1,\"name\":\"Startseite\",\"item\":\"https:\/\/www.buendnerfleisch.swiss\/en\/\"},{\"@type\":\"ListItem\",\"position\":2,\"name\":\"Campaigns\"}]},{\"@type\":\"WebSite\",\"@id\":\"https:\/\/www.buendnerfleisch.swiss\/#website\",\"url\":\"https:\/\/www.buendnerfleisch.swiss\/\",\"name\":\"B\u00fcndnerfleisch\",\"description\":\"Verband B\u00fcndner Fleischfabrikanten  VBF\",\"potentialAction\":[{\"@type\":\"SearchAction\",\"target\":{\"@type\":\"EntryPoint\",\"urlTemplate\":\"https:\/\/www.buendnerfleisch.swiss\/?s={search_term_string}\"},\"query-input\":{\"@type\":\"PropertyValueSpecification\",\"valueRequired\":true,\"valueName\":\"search_term_string\"}}],\"inLanguage\":\"en-US\"}]}<\/script>\n<!-- \/ Yoast SEO plugin. -->","yoast_head_json":{"title":"Campaigns - B\u00fcndnerfleisch","description":"Our Campaigns reflect the unmistakable taste and outstanding quality of B\u00fcndnerfleisch in the best possible way.","robots":{"index":"index","follow":"follow","max-snippet":"max-snippet:-1","max-image-preview":"max-image-preview:large","max-video-preview":"max-video-preview:-1"},"canonical":"https:\/\/www.buendnerfleisch.swiss\/en\/campaigns\/","og_locale":"en_US","og_type":"article","og_title":"Campaigns - B\u00fcndnerfleisch","og_description":"Our Campaigns reflect the unmistakable taste and outstanding quality of B\u00fcndnerfleisch in the best possible way.","og_url":"https:\/\/www.buendnerfleisch.swiss\/en\/campaigns\/","og_site_name":"B\u00fcndnerfleisch","article_modified_time":"2026-01-15T10:39:22+00:00","twitter_card":"summary_large_image","twitter_misc":{"Est. reading time":"3 minutes"},"schema":{"@context":"https:\/\/schema.org","@graph":[{"@type":"WebPage","@id":"https:\/\/www.buendnerfleisch.swiss\/en\/campaigns\/","url":"https:\/\/www.buendnerfleisch.swiss\/en\/campaigns\/","name":"Campaigns - B\u00fcndnerfleisch","isPartOf":{"@id":"https:\/\/www.buendnerfleisch.swiss\/#website"},"datePublished":"2024-07-24T13:04:31+00:00","dateModified":"2026-01-15T10:39:22+00:00","description":"Our Campaigns reflect the unmistakable taste and outstanding quality of B\u00fcndnerfleisch in the best possible way.","breadcrumb":{"@id":"https:\/\/www.buendnerfleisch.swiss\/en\/campaigns\/#breadcrumb"},"inLanguage":"en-US","potentialAction":[{"@type":"ReadAction","target":["https:\/\/www.buendnerfleisch.swiss\/en\/campaigns\/"]}]},{"@type":"BreadcrumbList","@id":"https:\/\/www.buendnerfleisch.swiss\/en\/campaigns\/#breadcrumb","itemListElement":[{"@type":"ListItem","position":1,"name":"Startseite","item":"https:\/\/www.buendnerfleisch.swiss\/en\/"},{"@type":"ListItem","position":2,"name":"Campaigns"}]},{"@type":"WebSite","@id":"https:\/\/www.buendnerfleisch.swiss\/#website","url":"https:\/\/www.buendnerfleisch.swiss\/","name":"B\u00fcndnerfleisch","description":"Verband B\u00fcndner Fleischfabrikanten  VBF","potentialAction":[{"@type":"SearchAction","target":{"@type":"EntryPoint","urlTemplate":"https:\/\/www.buendnerfleisch.swiss\/?s={search_term_string}"},"query-input":{"@type":"PropertyValueSpecification","valueRequired":true,"valueName":"search_term_string"}}],"inLanguage":"en-US"}]}},"_links":{"self":[{"href":"https:\/\/www.buendnerfleisch.swiss\/en\/wp-json\/wp\/v2\/pages\/2997"}],"collection":[{"href":"https:\/\/www.buendnerfleisch.swiss\/en\/wp-json\/wp\/v2\/pages"}],"about":[{"href":"https:\/\/www.buendnerfleisch.swiss\/en\/wp-json\/wp\/v2\/types\/page"}],"author":[{"embeddable":true,"href":"https:\/\/www.buendnerfleisch.swiss\/en\/wp-json\/wp\/v2\/users\/1"}],"replies":[{"embeddable":true,"href":"https:\/\/www.buendnerfleisch.swiss\/en\/wp-json\/wp\/v2\/comments?post=2997"}],"version-history":[{"count":11,"href":"https:\/\/www.buendnerfleisch.swiss\/en\/wp-json\/wp\/v2\/pages\/2997\/revisions"}],"predecessor-version":[{"id":3982,"href":"https:\/\/www.buendnerfleisch.swiss\/en\/wp-json\/wp\/v2\/pages\/2997\/revisions\/3982"}],"wp:attachment":[{"href":"https:\/\/www.buendnerfleisch.swiss\/en\/wp-json\/wp\/v2\/media?parent=2997"}],"curies":[{"name":"wp","href":"https:\/\/api.w.org\/{rel}","templated":true}]}}