{"id":1066,"date":"2018-08-08T16:48:45","date_gmt":"2018-08-08T14:48:45","guid":{"rendered":"https:\/\/www.buendnerfleisch.swiss\/?page_id=1066"},"modified":"2024-09-04T09:58:40","modified_gmt":"2024-09-04T07:58:40","slug":"viande-des-grisons","status":"publish","type":"page","link":"https:\/\/www.buendnerfleisch.swiss\/fr\/","title":{"rendered":"Viande des Grisons"},"content":{"rendered":"<div   class='avia-fullscreen-slider main_color   avia-builder-el-0  el_before_av_one_fifth  avia-builder-el-first  container_wrap fullsize'  ><div  class='avia-slideshow av-lyztp1dz-8c41ac985511de9f95848d82fe07d266 avia-slideshow-extra_large av_fullscreen avia-slide-slider av-slideshow-ui av-control-hidden av-no-slider-navigation av-hide-nav-arrows av-slideshow-manual av-loop-once av-loop-manual-endless av-default-height-applied   avia-slideshow-1' data-slideshow-options=\"{&quot;animation&quot;:&quot;slide&quot;,&quot;autoplay&quot;:false,&quot;loop_autoplay&quot;:&quot;once&quot;,&quot;interval&quot;:5,&quot;loop_manual&quot;:&quot;manual-endless&quot;,&quot;autoplay_stopper&quot;:false,&quot;noNavigation&quot;:true,&quot;bg_slider&quot;:true,&quot;keep_padding&quot;:false,&quot;hoverpause&quot;:false,&quot;show_slide_delay&quot;:0,&quot;slide_height&quot;:&quot;100&quot;,&quot;image_attachment&quot;:&quot;scroll&quot;}\"  itemprop=\"image\" itemscope=\"itemscope\" itemtype=\"https:\/\/schema.org\/ImageObject\" ><ul class='avia-slideshow-inner ' style='padding-bottom: 56.266666666667%;'><li style='background-position:bottom center;' data-img-url='https:\/\/www.buendnerfleisch.swiss\/wp-content\/uploads\/2018\/07\/buendnerfleisch_180717161023-3-1500x844.jpg' class='avia-slideshow-slide av-lyztp1dz-8c41ac985511de9f95848d82fe07d266__0  av-single-slide slide-1 slide-odd'><div data-rel='slideshow-1' class='avia-slide-wrap '   ><\/div><\/li><\/ul><div class='av-slideshow-caption av-lyztp1dz-8c41ac985511de9f95848d82fe07d266__0 caption_fullwidth caption_bottom'><div class=\"container caption_container\"><div class=\"slideshow_caption\"><div class=\"slideshow_inner_caption\"><div class=\"slideshow_align_caption\"><h1 class='avia-caption-title '  itemprop=\"name\" >Verband B\u00fcndner Fleisch\u00adfabrikanten<\/h1><div class='avia-caption-content '  itemprop=\"description\" ><p>Viande des Grisons<\/p>\n<\/div><a href='\/fr\/la-vente\/#points-de-vente'  class='avia-slideshow-button avia-button avia-color-light ' data-duration='800' data-easing='easeInOutQuad'>Trouver un point de vente \u00e0 proximit\u00e9<\/a><\/div><\/div><\/div><\/div><\/div><\/div><\/div><div id='after_full_slider_1'  class='main_color av_default_container_wrap container_wrap fullsize'  ><div class='container av-section-cont-open' ><div class='template-page content  av-content-full alpha units'><div class='post-entry post-entry-type-page post-entry-1066'><div class='entry-content-wrapper clearfix'>\n<div  class='flex_column av-2ar7u-8737925a2a504d47bdb2dfd9828a135b av_one_fifth  avia-builder-el-1  el_after_av_fullscreen  el_before_av_three_fifth  avia-builder-el-first  first flex_column_div  '     ><\/div>\n<div  class='flex_column av-41id2i-f7c46a6dc9d5448632e0e6b328f4bbc6 av_three_fifth  avia-builder-el-2  el_after_av_one_fifth  el_before_av_one_fifth  flex_column_div  '     ><p><section  class='av_textblock_section av-lyztp8lv-789b0ae229b19f21f3b477279556cc16 '   itemscope=\"itemscope\" itemtype=\"https:\/\/schema.org\/CreativeWork\" ><div class='avia_textblock lead'  itemprop=\"text\" ><p>Brute et raffin\u00e9e \u00e0 la fois. Tendre et puissante \u00e0 la fois. S\u00e8che et juteuse \u00e0 la fois. La viande des Grisons (B\u00fcndnerfleisch) n&rsquo;est pas une simple viande s\u00e9ch\u00e9e, mais le produit phare originaire des Grisons \u2013et une exp\u00e9rience exceptionnelle.<\/p>\n<\/div><\/section><br \/>\n<section  class='av_textblock_section av-lyztpfas-855baaaca0d7bd2d02a260043a7ca49f '   itemscope=\"itemscope\" itemtype=\"https:\/\/schema.org\/CreativeWork\" ><div class='avia_textblock'  itemprop=\"text\" ><p>La viande des Grisons est fabriqu\u00e9e exclusivement \u00e0 partir de la meilleure viande de b\u0153uf. La viande des Grisons est toujours travaill\u00e9e selon les plus hautes exigences de qualit\u00e9. Elle est s\u00e9ch\u00e9e pendant plusieurs semaines sur les hauteurs des Grisons. Mais ce n&rsquo;est qu&rsquo;une fois finement coup\u00e9e que la viande des Grisons r\u00e9v\u00e8le son caract\u00e8re incomparable. Plein de puissance, plein de tendresse. Plein de prot\u00e9ines et quasiment sans graisse.<\/p>\n<p>Voil\u00e0 la viande des Grisons. Le meilleur pour le go\u00fbt et pour la sant\u00e9.<\/p>\n<\/div><\/section><\/p><\/div>\n<div  class='flex_column av-2nhqje-2298ec519b0ed897db9633fa5c6f8135 av_one_fifth  avia-builder-el-5  el_after_av_three_fifth  avia-builder-el-last  flex_column_div  '     ><\/div>\n","protected":false},"excerpt":{"rendered":"","protected":false},"author":1,"featured_media":0,"parent":0,"menu_order":1,"comment_status":"closed","ping_status":"closed","template":"","meta":{"inline_featured_image":false,"footnotes":""},"class_list":["post-1066","page","type-page","status-publish","hentry"],"yoast_head":"<!-- This site is optimized with the Yoast SEO plugin v23.4 - https:\/\/yoast.com\/wordpress\/plugins\/seo\/ -->\n<title>Viande des Grisons - B\u00fcndnerfleisch<\/title>\n<meta name=\"description\" content=\"La viande des Grisons (B\u00fcndnerfleisch) n&#039;est pas une simple viande s\u00e9ch\u00e9e, mais le produit phare originaire des Grisons.\" \/>\n<meta name=\"robots\" content=\"index, follow, max-snippet:-1, max-image-preview:large, max-video-preview:-1\" \/>\n<link rel=\"canonical\" href=\"https:\/\/www.buendnerfleisch.swiss\/fr\/\" \/>\n<meta property=\"og:locale\" content=\"fr_FR\" \/>\n<meta property=\"og:type\" content=\"article\" \/>\n<meta property=\"og:title\" content=\"Viande des Grisons - B\u00fcndnerfleisch\" \/>\n<meta property=\"og:description\" content=\"La viande des Grisons (B\u00fcndnerfleisch) n&#039;est pas une simple viande s\u00e9ch\u00e9e, mais le produit phare originaire des Grisons.\" \/>\n<meta property=\"og:url\" content=\"https:\/\/www.buendnerfleisch.swiss\/fr\/\" \/>\n<meta property=\"og:site_name\" content=\"B\u00fcndnerfleisch\" \/>\n<meta property=\"article:modified_time\" content=\"2024-09-04T07:58:40+00:00\" \/>\n<meta name=\"twitter:card\" content=\"summary_large_image\" \/>\n<meta name=\"twitter:label1\" content=\"Dur\u00e9e de lecture estim\u00e9e\" \/>\n\t<meta name=\"twitter:data1\" content=\"1 minute\" \/>\n<script type=\"application\/ld+json\" class=\"yoast-schema-graph\">{\"@context\":\"https:\/\/schema.org\",\"@graph\":[{\"@type\":\"WebPage\",\"@id\":\"https:\/\/www.buendnerfleisch.swiss\/fr\/\",\"url\":\"https:\/\/www.buendnerfleisch.swiss\/fr\/\",\"name\":\"Viande des Grisons - B\u00fcndnerfleisch\",\"isPartOf\":{\"@id\":\"https:\/\/www.buendnerfleisch.swiss\/#website\"},\"datePublished\":\"2018-08-08T14:48:45+00:00\",\"dateModified\":\"2024-09-04T07:58:40+00:00\",\"description\":\"La viande des Grisons (B\u00fcndnerfleisch) n'est pas une simple viande s\u00e9ch\u00e9e, mais le produit phare originaire des Grisons.\",\"breadcrumb\":{\"@id\":\"https:\/\/www.buendnerfleisch.swiss\/fr\/#breadcrumb\"},\"inLanguage\":\"fr-FR\",\"potentialAction\":[{\"@type\":\"ReadAction\",\"target\":[\"https:\/\/www.buendnerfleisch.swiss\/fr\/\"]}]},{\"@type\":\"BreadcrumbList\",\"@id\":\"https:\/\/www.buendnerfleisch.swiss\/fr\/#breadcrumb\",\"itemListElement\":[{\"@type\":\"ListItem\",\"position\":1,\"name\":\"Startseite\",\"item\":\"https:\/\/www.buendnerfleisch.swiss\/fr\/\"},{\"@type\":\"ListItem\",\"position\":2,\"name\":\"Viande des Grisons\"}]},{\"@type\":\"WebSite\",\"@id\":\"https:\/\/www.buendnerfleisch.swiss\/#website\",\"url\":\"https:\/\/www.buendnerfleisch.swiss\/\",\"name\":\"B\u00fcndnerfleisch\",\"description\":\"Verband B\u00fcndner Fleischfabrikanten  VBF\",\"potentialAction\":[{\"@type\":\"SearchAction\",\"target\":{\"@type\":\"EntryPoint\",\"urlTemplate\":\"https:\/\/www.buendnerfleisch.swiss\/?s={search_term_string}\"},\"query-input\":{\"@type\":\"PropertyValueSpecification\",\"valueRequired\":true,\"valueName\":\"search_term_string\"}}],\"inLanguage\":\"fr-FR\"}]}<\/script>\n<!-- \/ Yoast SEO plugin. -->","yoast_head_json":{"title":"Viande des Grisons - B\u00fcndnerfleisch","description":"La viande des Grisons (B\u00fcndnerfleisch) n'est pas une simple viande s\u00e9ch\u00e9e, mais le produit phare originaire des Grisons.","robots":{"index":"index","follow":"follow","max-snippet":"max-snippet:-1","max-image-preview":"max-image-preview:large","max-video-preview":"max-video-preview:-1"},"canonical":"https:\/\/www.buendnerfleisch.swiss\/fr\/","og_locale":"fr_FR","og_type":"article","og_title":"Viande des Grisons - B\u00fcndnerfleisch","og_description":"La viande des Grisons (B\u00fcndnerfleisch) n'est pas une simple viande s\u00e9ch\u00e9e, mais le produit phare originaire des Grisons.","og_url":"https:\/\/www.buendnerfleisch.swiss\/fr\/","og_site_name":"B\u00fcndnerfleisch","article_modified_time":"2024-09-04T07:58:40+00:00","twitter_card":"summary_large_image","twitter_misc":{"Dur\u00e9e de lecture estim\u00e9e":"1 minute"},"schema":{"@context":"https:\/\/schema.org","@graph":[{"@type":"WebPage","@id":"https:\/\/www.buendnerfleisch.swiss\/fr\/","url":"https:\/\/www.buendnerfleisch.swiss\/fr\/","name":"Viande des Grisons - B\u00fcndnerfleisch","isPartOf":{"@id":"https:\/\/www.buendnerfleisch.swiss\/#website"},"datePublished":"2018-08-08T14:48:45+00:00","dateModified":"2024-09-04T07:58:40+00:00","description":"La viande des Grisons (B\u00fcndnerfleisch) n'est pas une simple viande s\u00e9ch\u00e9e, mais le produit phare originaire des Grisons.","breadcrumb":{"@id":"https:\/\/www.buendnerfleisch.swiss\/fr\/#breadcrumb"},"inLanguage":"fr-FR","potentialAction":[{"@type":"ReadAction","target":["https:\/\/www.buendnerfleisch.swiss\/fr\/"]}]},{"@type":"BreadcrumbList","@id":"https:\/\/www.buendnerfleisch.swiss\/fr\/#breadcrumb","itemListElement":[{"@type":"ListItem","position":1,"name":"Startseite","item":"https:\/\/www.buendnerfleisch.swiss\/fr\/"},{"@type":"ListItem","position":2,"name":"Viande des Grisons"}]},{"@type":"WebSite","@id":"https:\/\/www.buendnerfleisch.swiss\/#website","url":"https:\/\/www.buendnerfleisch.swiss\/","name":"B\u00fcndnerfleisch","description":"Verband B\u00fcndner Fleischfabrikanten  VBF","potentialAction":[{"@type":"SearchAction","target":{"@type":"EntryPoint","urlTemplate":"https:\/\/www.buendnerfleisch.swiss\/?s={search_term_string}"},"query-input":{"@type":"PropertyValueSpecification","valueRequired":true,"valueName":"search_term_string"}}],"inLanguage":"fr-FR"}]}},"_links":{"self":[{"href":"https:\/\/www.buendnerfleisch.swiss\/fr\/wp-json\/wp\/v2\/pages\/1066"}],"collection":[{"href":"https:\/\/www.buendnerfleisch.swiss\/fr\/wp-json\/wp\/v2\/pages"}],"about":[{"href":"https:\/\/www.buendnerfleisch.swiss\/fr\/wp-json\/wp\/v2\/types\/page"}],"author":[{"embeddable":true,"href":"https:\/\/www.buendnerfleisch.swiss\/fr\/wp-json\/wp\/v2\/users\/1"}],"replies":[{"embeddable":true,"href":"https:\/\/www.buendnerfleisch.swiss\/fr\/wp-json\/wp\/v2\/comments?post=1066"}],"version-history":[{"count":10,"href":"https:\/\/www.buendnerfleisch.swiss\/fr\/wp-json\/wp\/v2\/pages\/1066\/revisions"}],"predecessor-version":[{"id":3775,"href":"https:\/\/www.buendnerfleisch.swiss\/fr\/wp-json\/wp\/v2\/pages\/1066\/revisions\/3775"}],"wp:attachment":[{"href":"https:\/\/www.buendnerfleisch.swiss\/fr\/wp-json\/wp\/v2\/media?parent=1066"}],"curies":[{"name":"wp","href":"https:\/\/api.w.org\/{rel}","templated":true}]}}