{"id":1933,"date":"2018-08-13T14:20:21","date_gmt":"2018-08-13T12:20:21","guid":{"rendered":"https:\/\/www.buendnerfleisch.swiss\/?page_id=1933"},"modified":"2024-10-16T13:52:39","modified_gmt":"2024-10-16T11:52:39","slug":"mentions-legales","status":"publish","type":"page","link":"https:\/\/www.buendnerfleisch.swiss\/fr\/mentions-legales\/","title":{"rendered":"Mentions l\u00e9gales"},"content":{"rendered":"<div  class='flex_column av-fza4rh-50bb15a19f50e84eaffe065b821b53d3 av_one_fifth  avia-builder-el-0  el_before_av_three_fifth  avia-builder-el-first  first flex_column_div  '     ><\/div>\n<div  class='flex_column av-eoc3pp-ceb747a46d1ca6dede939916041a68a0 av_three_fifth  avia-builder-el-1  el_after_av_one_fifth  el_before_av_one_fifth  flex_column_div  '     ><p>\n<style type=\"text\/css\" data-created_by=\"avia_inline_auto\" id=\"style-css-av-cy98gt-ba130be7073121827acde7d56ef66512\">\n#top .hr.hr-invisible.av-cy98gt-ba130be7073121827acde7d56ef66512{\nheight:50px;\n}\n<\/style>\n<div  class='hr av-cy98gt-ba130be7073121827acde7d56ef66512 hr-invisible  avia-builder-el-2  el_before_av_textblock  avia-builder-el-first '><span class='hr-inner '><span class=\"hr-inner-style\"><\/span><\/span><\/div><br \/>\n<section  class='av_textblock_section av-bf9fbh-23a23f071d18a0ea9a255c613c99b584 '   itemscope=\"itemscope\" itemtype=\"https:\/\/schema.org\/CreativeWork\" ><div class='avia_textblock'  itemprop=\"text\" ><h1>Mentions l\u00e9gales<\/h1>\n<\/div><\/section><br \/>\n\n<style type=\"text\/css\" data-created_by=\"avia_inline_auto\" id=\"style-css-av-98tkd9-fc8002655d88255b431bde462d194721\">\n#top .hr.hr-invisible.av-98tkd9-fc8002655d88255b431bde462d194721{\nheight:50px;\n}\n<\/style>\n<div  class='hr av-98tkd9-fc8002655d88255b431bde462d194721 hr-invisible  avia-builder-el-4  el_after_av_textblock  el_before_av_textblock '><span class='hr-inner '><span class=\"hr-inner-style\"><\/span><\/span><\/div><br \/>\n<section  class='av_textblock_section av-rr1zx-524ddc694574c47f49af1fae48e9893d '   itemscope=\"itemscope\" itemtype=\"https:\/\/schema.org\/CreativeWork\" ><div class='avia_textblock'  itemprop=\"text\" ><h2>Adresse de contact<\/h2>\n<p>Verband B\u00fcndner Fleischfabrikanten VBF<br \/>\nPostfach 614<br \/>\n7007 Chur<\/p>\n<p>T 077 480 98 67<br \/>\n<a title=\"E-Mail senden an info@buendnerfleisch.swiss\" href=\"mailto:info@buendnerfleisch.swiss\">info@buendnerfleisch.swiss<\/a><\/p>\n<h2>Concept, design, programmation<\/h2>\n<p>S\u00fcsskind SGD, Chur<br \/>\n<a title=\"S\u00fcsskind SGD, Chur - Grafik- und Webdesign\" href=\"http:\/\/www.suesskind.ch\/\" target=\"_blank\" rel=\"noopener\">suesskind.ch<\/a><\/p>\n<\/div><\/section><br \/>\n\n<style type=\"text\/css\" data-created_by=\"avia_inline_auto\" id=\"style-css-av-5yw0v1-a294666cd67f1b4e940dafb1b37ad72f\">\n#top .hr.hr-invisible.av-5yw0v1-a294666cd67f1b4e940dafb1b37ad72f{\nheight:50px;\n}\n<\/style>\n<div  class='hr av-5yw0v1-a294666cd67f1b4e940dafb1b37ad72f hr-invisible  avia-builder-el-6  el_after_av_textblock  el_before_av_textblock '><span class='hr-inner '><span class=\"hr-inner-style\"><\/span><\/span><\/div><br \/>\n<section  class='av_textblock_section av-41clel-1d4f4855921ae21347ec6fc2a4d85599 '   itemscope=\"itemscope\" itemtype=\"https:\/\/schema.org\/CreativeWork\" ><div class='avia_textblock'  itemprop=\"text\" ><h3>buendnerfleisch.swiss<\/h3>\n<p>Le contenu de ce site Internet a \u00e9t\u00e9 \u00e9labor\u00e9 avec le plus grand soin. Cependant, le Verband B\u00fcndner Fleischfabrikanten (VBF) ne garantit pas l\u2019exactitude, l\u2019exhaustivit\u00e9 et la mise \u00e0 jour du contenu mis \u00e0 disposition. L\u2019utilisation du contenu du site Internet se fait aux seuls risques de l\u2019utilisateur. Les articles nomm\u00e9ment d\u00e9sign\u00e9s refl\u00e8tent uniquement l\u2019opinion de leurs auteurs respectifs.<\/p>\n<h4>Liens<\/h4>\n<p>Les sites Internet li\u00e9s sont soumis \u00e0 la seule responsabilit\u00e9 de leur exploitant respectif. Le Verband B\u00fcndner Fleischfabrikanten (VBF) n\u2019a aucune influence sur les contenus actuels et futurs des sites auxquels il renvoie et les contenus auxquels il renvoie ne lui appartiennent pas.<\/p>\n<h4>Droits d\u2019auteur (Copyright)<\/h4>\n<p>Les droits d\u2019auteurs des contenus publi\u00e9s sur le pr\u00e9sent site appartiennent au Verband B\u00fcndner Fleischfabrikanten (VBF). Ces contenus ne peuvent \u00eatre r\u00e9utilis\u00e9s, m\u00eame sous forme d\u2019extraits, qu\u2019en indiquant au minimum la source, \u00e0 savoir \u00abbuendnerfleisch.swiss\u00bb. La repr\u00e9sentation de ce site Internet dans des cadres de tiers est interdite.<\/p>\n<\/div><\/section><\/p><\/div><div  class='flex_column av-361mf1-ca643a7f2a55267fb07d819965e1290f av_one_fifth  avia-builder-el-8  el_after_av_three_fifth  avia-builder-el-last  flex_column_div  '     ><\/div><\/p>\n","protected":false},"excerpt":{"rendered":"","protected":false},"author":1,"featured_media":0,"parent":0,"menu_order":1,"comment_status":"closed","ping_status":"closed","template":"","meta":{"inline_featured_image":false,"footnotes":""},"class_list":["post-1933","page","type-page","status-publish","hentry"],"yoast_head":"<!-- This site is optimized with the Yoast SEO plugin v23.4 - https:\/\/yoast.com\/wordpress\/plugins\/seo\/ -->\n<title>Mentions l\u00e9gales - B\u00fcndnerfleisch<\/title>\n<meta name=\"robots\" content=\"index, follow, max-snippet:-1, max-image-preview:large, max-video-preview:-1\" \/>\n<link rel=\"canonical\" href=\"https:\/\/www.buendnerfleisch.swiss\/fr\/mentions-legales\/\" \/>\n<meta property=\"og:locale\" content=\"fr_FR\" \/>\n<meta property=\"og:type\" content=\"article\" \/>\n<meta property=\"og:title\" content=\"Mentions l\u00e9gales - B\u00fcndnerfleisch\" \/>\n<meta property=\"og:url\" content=\"https:\/\/www.buendnerfleisch.swiss\/fr\/mentions-legales\/\" \/>\n<meta property=\"og:site_name\" content=\"B\u00fcndnerfleisch\" \/>\n<meta property=\"article:modified_time\" content=\"2024-10-16T11:52:39+00:00\" \/>\n<meta name=\"twitter:card\" content=\"summary_large_image\" \/>\n<meta name=\"twitter:label1\" content=\"Dur\u00e9e de lecture estim\u00e9e\" \/>\n\t<meta name=\"twitter:data1\" content=\"2 minutes\" \/>\n<script type=\"application\/ld+json\" class=\"yoast-schema-graph\">{\"@context\":\"https:\/\/schema.org\",\"@graph\":[{\"@type\":\"WebPage\",\"@id\":\"https:\/\/www.buendnerfleisch.swiss\/fr\/mentions-legales\/\",\"url\":\"https:\/\/www.buendnerfleisch.swiss\/fr\/mentions-legales\/\",\"name\":\"Mentions l\u00e9gales - B\u00fcndnerfleisch\",\"isPartOf\":{\"@id\":\"https:\/\/www.buendnerfleisch.swiss\/#website\"},\"datePublished\":\"2018-08-13T12:20:21+00:00\",\"dateModified\":\"2024-10-16T11:52:39+00:00\",\"breadcrumb\":{\"@id\":\"https:\/\/www.buendnerfleisch.swiss\/fr\/mentions-legales\/#breadcrumb\"},\"inLanguage\":\"fr-FR\",\"potentialAction\":[{\"@type\":\"ReadAction\",\"target\":[\"https:\/\/www.buendnerfleisch.swiss\/fr\/mentions-legales\/\"]}]},{\"@type\":\"BreadcrumbList\",\"@id\":\"https:\/\/www.buendnerfleisch.swiss\/fr\/mentions-legales\/#breadcrumb\",\"itemListElement\":[{\"@type\":\"ListItem\",\"position\":1,\"name\":\"Startseite\",\"item\":\"https:\/\/www.buendnerfleisch.swiss\/fr\/\"},{\"@type\":\"ListItem\",\"position\":2,\"name\":\"Mentions l\u00e9gales\"}]},{\"@type\":\"WebSite\",\"@id\":\"https:\/\/www.buendnerfleisch.swiss\/#website\",\"url\":\"https:\/\/www.buendnerfleisch.swiss\/\",\"name\":\"B\u00fcndnerfleisch\",\"description\":\"Verband B\u00fcndner Fleischfabrikanten  VBF\",\"potentialAction\":[{\"@type\":\"SearchAction\",\"target\":{\"@type\":\"EntryPoint\",\"urlTemplate\":\"https:\/\/www.buendnerfleisch.swiss\/?s={search_term_string}\"},\"query-input\":{\"@type\":\"PropertyValueSpecification\",\"valueRequired\":true,\"valueName\":\"search_term_string\"}}],\"inLanguage\":\"fr-FR\"}]}<\/script>\n<!-- \/ Yoast SEO plugin. -->","yoast_head_json":{"title":"Mentions l\u00e9gales - B\u00fcndnerfleisch","robots":{"index":"index","follow":"follow","max-snippet":"max-snippet:-1","max-image-preview":"max-image-preview:large","max-video-preview":"max-video-preview:-1"},"canonical":"https:\/\/www.buendnerfleisch.swiss\/fr\/mentions-legales\/","og_locale":"fr_FR","og_type":"article","og_title":"Mentions l\u00e9gales - B\u00fcndnerfleisch","og_url":"https:\/\/www.buendnerfleisch.swiss\/fr\/mentions-legales\/","og_site_name":"B\u00fcndnerfleisch","article_modified_time":"2024-10-16T11:52:39+00:00","twitter_card":"summary_large_image","twitter_misc":{"Dur\u00e9e de lecture estim\u00e9e":"2 minutes"},"schema":{"@context":"https:\/\/schema.org","@graph":[{"@type":"WebPage","@id":"https:\/\/www.buendnerfleisch.swiss\/fr\/mentions-legales\/","url":"https:\/\/www.buendnerfleisch.swiss\/fr\/mentions-legales\/","name":"Mentions l\u00e9gales - B\u00fcndnerfleisch","isPartOf":{"@id":"https:\/\/www.buendnerfleisch.swiss\/#website"},"datePublished":"2018-08-13T12:20:21+00:00","dateModified":"2024-10-16T11:52:39+00:00","breadcrumb":{"@id":"https:\/\/www.buendnerfleisch.swiss\/fr\/mentions-legales\/#breadcrumb"},"inLanguage":"fr-FR","potentialAction":[{"@type":"ReadAction","target":["https:\/\/www.buendnerfleisch.swiss\/fr\/mentions-legales\/"]}]},{"@type":"BreadcrumbList","@id":"https:\/\/www.buendnerfleisch.swiss\/fr\/mentions-legales\/#breadcrumb","itemListElement":[{"@type":"ListItem","position":1,"name":"Startseite","item":"https:\/\/www.buendnerfleisch.swiss\/fr\/"},{"@type":"ListItem","position":2,"name":"Mentions l\u00e9gales"}]},{"@type":"WebSite","@id":"https:\/\/www.buendnerfleisch.swiss\/#website","url":"https:\/\/www.buendnerfleisch.swiss\/","name":"B\u00fcndnerfleisch","description":"Verband B\u00fcndner Fleischfabrikanten  VBF","potentialAction":[{"@type":"SearchAction","target":{"@type":"EntryPoint","urlTemplate":"https:\/\/www.buendnerfleisch.swiss\/?s={search_term_string}"},"query-input":{"@type":"PropertyValueSpecification","valueRequired":true,"valueName":"search_term_string"}}],"inLanguage":"fr-FR"}]}},"_links":{"self":[{"href":"https:\/\/www.buendnerfleisch.swiss\/fr\/wp-json\/wp\/v2\/pages\/1933"}],"collection":[{"href":"https:\/\/www.buendnerfleisch.swiss\/fr\/wp-json\/wp\/v2\/pages"}],"about":[{"href":"https:\/\/www.buendnerfleisch.swiss\/fr\/wp-json\/wp\/v2\/types\/page"}],"author":[{"embeddable":true,"href":"https:\/\/www.buendnerfleisch.swiss\/fr\/wp-json\/wp\/v2\/users\/1"}],"replies":[{"embeddable":true,"href":"https:\/\/www.buendnerfleisch.swiss\/fr\/wp-json\/wp\/v2\/comments?post=1933"}],"version-history":[{"count":9,"href":"https:\/\/www.buendnerfleisch.swiss\/fr\/wp-json\/wp\/v2\/pages\/1933\/revisions"}],"predecessor-version":[{"id":3907,"href":"https:\/\/www.buendnerfleisch.swiss\/fr\/wp-json\/wp\/v2\/pages\/1933\/revisions\/3907"}],"wp:attachment":[{"href":"https:\/\/www.buendnerfleisch.swiss\/fr\/wp-json\/wp\/v2\/media?parent=1933"}],"curies":[{"name":"wp","href":"https:\/\/api.w.org\/{rel}","templated":true}]}}