{"id":2153,"date":"2018-10-11T14:04:26","date_gmt":"2018-10-11T12:04:26","guid":{"rendered":"https:\/\/www.buendnerfleisch.swiss\/?page_id=2153"},"modified":"2018-10-11T14:04:26","modified_gmt":"2018-10-11T12:04:26","slug":"une-source-denergie-de-grande-qualite","status":"publish","type":"page","link":"https:\/\/www.buendnerfleisch.swiss\/fr\/une-source-denergie-de-grande-qualite\/","title":{"rendered":"Une source d\u2019\u00e9nergie de grande qualit\u00e9"},"content":{"rendered":"<p>[av_fullscreenteaser src=&rsquo;https:\/\/www.buendnerfleisch.swiss\/wp-content\/uploads\/2018\/08\/buendnerfleisch_180717160049-1.jpg&rsquo; attachment=&rsquo;1768&prime; attachment_size=&rsquo;full&rsquo; contenttitle=&rsquo;Une source d\u2019\u00e9nergie de grande qualit\u00e9&rsquo; contenttext=&rsquo;B\u00fcndnerfleisch&rsquo; vollbild=&rsquo;teaser&rsquo; link=\u00a0\u00bb target=\u00a0\u00bb linkname=\u00a0\u00bb positiontext=\u00a0\u00bb positionlink=\u00a0\u00bb admin_preview_bg=\u00a0\u00bb]<\/p>\n<p>[av_intro introtitel=\u00a0\u00bb admin_preview_bg=\u00a0\u00bb]<\/p>\n<h1><strong>Une source d\u2019\u00e9nergie de grande qualit\u00e9<\/strong><\/h1>\n<p style=\"text-align: center;\">La viande des Grisons est non seulement un mets raffin\u00e9, mais aussi une source d\u2019\u00e9nergie naturelle, saine et de grande qualit\u00e9. En effet, avec 40% de prot\u00e9ines et seulement 4% de lipides, la viande des Grisons constitue un excellent apport d\u2019\u00e9nergie, plus efficace que bien des boissons prot\u00e9in\u00e9es propos\u00e9es dans les salles de sport. C\u2019est ce que montrent trois emballages design que nous avons lanc\u00e9s en septembre 2018. Un dessin anatomique de trois sportifs pratiquant le running, le yoga et le workout a \u00e9t\u00e9 grav\u00e9 au laser sur leur suremballage avec une pr\u00e9cision extr\u00eame. Un paquet de viande des Grisons originale se trouve dessous. Le persillage des fines tranches de viande repr\u00e9sente les muscles des sportifs et illustre pour le consommateur la transformation directe de la viande des Grisons en muscles.<\/p>\n<p>[\/av_intro]<\/p>\n\n<style type=\"text\/css\" data-created_by=\"avia_inline_auto\" id=\"style-css-av-av_image-834f19531e5bd5a8f9a9dd3c52eeca12\">\n.avia-image-container.av-av_image-834f19531e5bd5a8f9a9dd3c52eeca12 img.avia_image{\nbox-shadow:none;\n}\n.avia-image-container.av-av_image-834f19531e5bd5a8f9a9dd3c52eeca12 .av-image-caption-overlay-center{\ncolor:#ffffff;\n}\n<\/style>\n<div  class='avia-image-container av-av_image-834f19531e5bd5a8f9a9dd3c52eeca12 av-styling- avia-align-center'   itemprop=\"image\" itemscope=\"itemscope\" itemtype=\"https:\/\/schema.org\/ImageObject\" ><div class=\"avia-image-container-inner\"><div class=\"avia-image-overlay-wrap\"><img decoding=\"async\" fetchpriority=\"high\" class='wp-image-2177 avia-img-lazy-loading-not-2177 avia_image ' src=\"https:\/\/www.buendnerfleisch.swiss\/wp-content\/uploads\/2018\/10\/GRF_Buendnerfleisch_3er_sRGB_web.jpg\" alt='' title='Energie vom Feinsten'  height=\"1667\" width=\"2500\"  itemprop=\"thumbnailUrl\" srcset=\"https:\/\/www.buendnerfleisch.swiss\/wp-content\/uploads\/2018\/10\/GRF_Buendnerfleisch_3er_sRGB_web.jpg 2500w, https:\/\/www.buendnerfleisch.swiss\/wp-content\/uploads\/2018\/10\/GRF_Buendnerfleisch_3er_sRGB_web-300x200.jpg 300w, https:\/\/www.buendnerfleisch.swiss\/wp-content\/uploads\/2018\/10\/GRF_Buendnerfleisch_3er_sRGB_web-768x512.jpg 768w, https:\/\/www.buendnerfleisch.swiss\/wp-content\/uploads\/2018\/10\/GRF_Buendnerfleisch_3er_sRGB_web-1030x687.jpg 1030w, https:\/\/www.buendnerfleisch.swiss\/wp-content\/uploads\/2018\/10\/GRF_Buendnerfleisch_3er_sRGB_web-1500x1000.jpg 1500w, https:\/\/www.buendnerfleisch.swiss\/wp-content\/uploads\/2018\/10\/GRF_Buendnerfleisch_3er_sRGB_web-705x470.jpg 705w, https:\/\/www.buendnerfleisch.swiss\/wp-content\/uploads\/2018\/10\/GRF_Buendnerfleisch_3er_sRGB_web-450x300.jpg 450w\" sizes=\"(max-width: 2500px) 100vw, 2500px\" \/><\/div><\/div><\/div>\n<p>[av_intro introtitel=\u00a0\u00bb admin_preview_bg=\u00a0\u00bb]<\/p>\n<p style=\"text-align: center;\">Seuls les meilleurs morceaux du b\u0153uf sont utilis\u00e9s pour la viande des Grisons originale. Ces \u00e9ditions sp\u00e9ciales limit\u00e9es n\u2019\u00e9taient donc pas disponibles dans le commerce, mais uniquement pour r\u00e9compenser une activit\u00e9 physique. Les fans de la viande des Grisons pouvaient participer \u00e0 trois challenges sportifs sur notre site Internet buendnerfleisch.swiss via le navigateur de leur smartphone afin de gagner avec humour un de ces emballages convoit\u00e9s (\u00abworkout\u00a0\u00bb, \u00ab\u00a0running\u00a0\u00bb ou \u00ab\u00a0yoga\u00a0\u00bb). Il \u00e9tait ainsi demand\u00e9 de faire 20\u00a0d\u00e9velopp\u00e9s \u00e9paule, de piquer un sprint \u00e0 15 km\/h ou de fredonner \u00ab\u00a0Ommm\u00a0\u00bb dans le microphone du smartphone pendant 12 secondes. Le t\u00e9l\u00e9phone portable mesurait si le d\u00e9fi \u00e9tait r\u00e9alis\u00e9. Ce n\u2019est qu\u2019une fois qu\u2019on avait bien apport\u00e9 sa contribution \u00e9nerg\u00e9tique qu\u2019on pouvait commander gratuitement un emballage sp\u00e9cial de viande des Grisons. Le stock des emballages design a \u00e9t\u00e9 \u00e9puis\u00e9 en moins de deux jours.<\/p>\n<p>[\/av_intro]<\/p>\n<div  class='avia-video av-av_video-7c943d95f8a31e4ab4c0dff30c3608e8 avia-video-16-9 av-no-preview-image avia-video-load-always av-lazyload-immediate av-lazyload-video-embed'  itemprop=\"video\" itemtype=\"https:\/\/schema.org\/VideoObject\"  data-original_url='https:\/\/www.youtube.com\/watch?v=1Ik2OZROTpU'><script type='text\/html' class='av-video-tmpl'><div class='avia-iframe-wrap'><iframe loading=\"lazy\" width=\"1500\" height=\"844\" src=\"https:\/\/www.youtube.com\/embed\/1Ik2OZROTpU?feature=oembed&autoplay=0&loop=0&controls=1&mute=0\" frameborder=\"0\" allow=\"autoplay; encrypted-media\" allowfullscreen><\/iframe><\/div><\/script><div class='av-click-to-play-overlay'><div class=\"avia_playpause_icon\"><\/div><\/div><\/div>\n<div  class='avia-video av-av_video-61ccef19dae4803b54af1932a2a95df3 avia-video-16-9 av-no-preview-image avia-video-load-always av-lazyload-immediate av-lazyload-video-embed'  itemprop=\"video\" itemtype=\"https:\/\/schema.org\/VideoObject\"  data-original_url='https:\/\/www.youtube.com\/watch?v=6Ncz-dBVb8o'><script type='text\/html' class='av-video-tmpl'><div class='avia-iframe-wrap'><iframe loading=\"lazy\" width=\"1500\" height=\"844\" src=\"https:\/\/www.youtube.com\/embed\/6Ncz-dBVb8o?feature=oembed&autoplay=0&loop=0&controls=1&mute=0\" frameborder=\"0\" allow=\"autoplay; encrypted-media\" allowfullscreen><\/iframe><\/div><\/script><div class='av-click-to-play-overlay'><div class=\"avia_playpause_icon\"><\/div><\/div><\/div>\n<div  class='avia-video av-av_video-464f8ac13ecdf8e6ab8c4e144f26a54a avia-video-16-9 av-no-preview-image avia-video-load-always av-lazyload-immediate av-lazyload-video-embed'  itemprop=\"video\" itemtype=\"https:\/\/schema.org\/VideoObject\"  data-original_url='https:\/\/www.youtube.com\/watch?v=P680UPc6nN4 '><script type='text\/html' class='av-video-tmpl'><div class='avia-iframe-wrap'><iframe loading=\"lazy\" width=\"1500\" height=\"844\" src=\"https:\/\/www.youtube.com\/embed\/P680UPc6nN4?feature=oembed&autoplay=0&loop=0&controls=1&mute=0\" frameborder=\"0\" allow=\"autoplay; encrypted-media\" allowfullscreen><\/iframe><\/div><\/script><div class='av-click-to-play-overlay'><div class=\"avia_playpause_icon\"><\/div><\/div><\/div>\n","protected":false},"excerpt":{"rendered":"<p>[av_fullscreenteaser src=&rsquo;https:\/\/www.buendnerfleisch.swiss\/wp-content\/uploads\/2018\/08\/buendnerfleisch_180717160049-1.jpg&rsquo; attachment=&rsquo;1768&prime; attachment_size=&rsquo;full&rsquo; contenttitle=&rsquo;Une source d\u2019\u00e9nergie de grande qualit\u00e9&rsquo; contenttext=&rsquo;B\u00fcndnerfleisch&rsquo; vollbild=&rsquo;teaser&rsquo; link=\u00a0\u00bb target=\u00a0\u00bb linkname=\u00a0\u00bb positiontext=\u00a0\u00bb positionlink=\u00a0\u00bb admin_preview_bg=\u00a0\u00bb] [av_intro introtitel=\u00a0\u00bb admin_preview_bg=\u00a0\u00bb] Une source d\u2019\u00e9nergie de grande qualit\u00e9 La viande des Grisons est non seulement un mets raffin\u00e9, mais aussi une source d\u2019\u00e9nergie naturelle, saine et de grande qualit\u00e9. En effet, avec 40% de prot\u00e9ines et [&hellip;]<\/p>\n","protected":false},"author":2,"featured_media":0,"parent":0,"menu_order":8,"comment_status":"closed","ping_status":"closed","template":"","meta":{"inline_featured_image":false,"footnotes":""},"class_list":["post-2153","page","type-page","status-publish","hentry"],"yoast_head":"<!-- This site is optimized with the Yoast SEO plugin v23.4 - https:\/\/yoast.com\/wordpress\/plugins\/seo\/ -->\n<title>Une source d\u2019\u00e9nergie de grande qualit\u00e9 - B\u00fcndnerfleisch<\/title>\n<meta name=\"robots\" content=\"index, follow, max-snippet:-1, max-image-preview:large, max-video-preview:-1\" \/>\n<link rel=\"canonical\" href=\"https:\/\/www.buendnerfleisch.swiss\/fr\/une-source-denergie-de-grande-qualite\/\" \/>\n<meta property=\"og:locale\" content=\"fr_FR\" \/>\n<meta property=\"og:type\" content=\"article\" \/>\n<meta property=\"og:title\" content=\"Une source d\u2019\u00e9nergie de grande qualit\u00e9 - B\u00fcndnerfleisch\" \/>\n<meta property=\"og:description\" content=\"[av_fullscreenteaser src=&rsquo;https:\/\/www.buendnerfleisch.swiss\/wp-content\/uploads\/2018\/08\/buendnerfleisch_180717160049-1.jpg&rsquo; attachment=&rsquo;1768&prime; attachment_size=&rsquo;full&rsquo; contenttitle=&rsquo;Une source d\u2019\u00e9nergie de grande qualit\u00e9&rsquo; contenttext=&rsquo;B\u00fcndnerfleisch&rsquo; vollbild=&rsquo;teaser&rsquo; link=\u00a0\u00bb target=\u00a0\u00bb linkname=\u00a0\u00bb positiontext=\u00a0\u00bb positionlink=\u00a0\u00bb admin_preview_bg=\u00a0\u00bb] [av_intro introtitel=\u00a0\u00bb admin_preview_bg=\u00a0\u00bb] Une source d\u2019\u00e9nergie de grande qualit\u00e9 La viande des Grisons est non seulement un mets raffin\u00e9, mais aussi une source d\u2019\u00e9nergie naturelle, saine et de grande qualit\u00e9. En effet, avec 40% de prot\u00e9ines et [&hellip;]\" \/>\n<meta property=\"og:url\" content=\"https:\/\/www.buendnerfleisch.swiss\/fr\/une-source-denergie-de-grande-qualite\/\" \/>\n<meta property=\"og:site_name\" content=\"B\u00fcndnerfleisch\" \/>\n<meta name=\"twitter:card\" content=\"summary_large_image\" \/>\n<meta name=\"twitter:label1\" content=\"Dur\u00e9e de lecture estim\u00e9e\" \/>\n\t<meta name=\"twitter:data1\" content=\"2 minutes\" \/>\n<script type=\"application\/ld+json\" class=\"yoast-schema-graph\">{\"@context\":\"https:\/\/schema.org\",\"@graph\":[{\"@type\":\"WebPage\",\"@id\":\"https:\/\/www.buendnerfleisch.swiss\/fr\/une-source-denergie-de-grande-qualite\/\",\"url\":\"https:\/\/www.buendnerfleisch.swiss\/fr\/une-source-denergie-de-grande-qualite\/\",\"name\":\"Une source d\u2019\u00e9nergie de grande qualit\u00e9 - B\u00fcndnerfleisch\",\"isPartOf\":{\"@id\":\"https:\/\/www.buendnerfleisch.swiss\/#website\"},\"datePublished\":\"2018-10-11T12:04:26+00:00\",\"dateModified\":\"2018-10-11T12:04:26+00:00\",\"breadcrumb\":{\"@id\":\"https:\/\/www.buendnerfleisch.swiss\/fr\/une-source-denergie-de-grande-qualite\/#breadcrumb\"},\"inLanguage\":\"fr-FR\",\"potentialAction\":[{\"@type\":\"ReadAction\",\"target\":[\"https:\/\/www.buendnerfleisch.swiss\/fr\/une-source-denergie-de-grande-qualite\/\"]}]},{\"@type\":\"BreadcrumbList\",\"@id\":\"https:\/\/www.buendnerfleisch.swiss\/fr\/une-source-denergie-de-grande-qualite\/#breadcrumb\",\"itemListElement\":[{\"@type\":\"ListItem\",\"position\":1,\"name\":\"Startseite\",\"item\":\"https:\/\/www.buendnerfleisch.swiss\/fr\/\"},{\"@type\":\"ListItem\",\"position\":2,\"name\":\"Une source d\u2019\u00e9nergie de grande qualit\u00e9\"}]},{\"@type\":\"WebSite\",\"@id\":\"https:\/\/www.buendnerfleisch.swiss\/#website\",\"url\":\"https:\/\/www.buendnerfleisch.swiss\/\",\"name\":\"B\u00fcndnerfleisch\",\"description\":\"Verband B\u00fcndner Fleischfabrikanten  VBF\",\"potentialAction\":[{\"@type\":\"SearchAction\",\"target\":{\"@type\":\"EntryPoint\",\"urlTemplate\":\"https:\/\/www.buendnerfleisch.swiss\/?s={search_term_string}\"},\"query-input\":{\"@type\":\"PropertyValueSpecification\",\"valueRequired\":true,\"valueName\":\"search_term_string\"}}],\"inLanguage\":\"fr-FR\"}]}<\/script>\n<!-- \/ Yoast SEO plugin. -->","yoast_head_json":{"title":"Une source d\u2019\u00e9nergie de grande qualit\u00e9 - B\u00fcndnerfleisch","robots":{"index":"index","follow":"follow","max-snippet":"max-snippet:-1","max-image-preview":"max-image-preview:large","max-video-preview":"max-video-preview:-1"},"canonical":"https:\/\/www.buendnerfleisch.swiss\/fr\/une-source-denergie-de-grande-qualite\/","og_locale":"fr_FR","og_type":"article","og_title":"Une source d\u2019\u00e9nergie de grande qualit\u00e9 - B\u00fcndnerfleisch","og_description":"[av_fullscreenteaser src=&rsquo;https:\/\/www.buendnerfleisch.swiss\/wp-content\/uploads\/2018\/08\/buendnerfleisch_180717160049-1.jpg&rsquo; attachment=&rsquo;1768&prime; attachment_size=&rsquo;full&rsquo; contenttitle=&rsquo;Une source d\u2019\u00e9nergie de grande qualit\u00e9&rsquo; contenttext=&rsquo;B\u00fcndnerfleisch&rsquo; vollbild=&rsquo;teaser&rsquo; link=\u00a0\u00bb target=\u00a0\u00bb linkname=\u00a0\u00bb positiontext=\u00a0\u00bb positionlink=\u00a0\u00bb admin_preview_bg=\u00a0\u00bb] [av_intro introtitel=\u00a0\u00bb admin_preview_bg=\u00a0\u00bb] Une source d\u2019\u00e9nergie de grande qualit\u00e9 La viande des Grisons est non seulement un mets raffin\u00e9, mais aussi une source d\u2019\u00e9nergie naturelle, saine et de grande qualit\u00e9. En effet, avec 40% de prot\u00e9ines et [&hellip;]","og_url":"https:\/\/www.buendnerfleisch.swiss\/fr\/une-source-denergie-de-grande-qualite\/","og_site_name":"B\u00fcndnerfleisch","twitter_card":"summary_large_image","twitter_misc":{"Dur\u00e9e de lecture estim\u00e9e":"2 minutes"},"schema":{"@context":"https:\/\/schema.org","@graph":[{"@type":"WebPage","@id":"https:\/\/www.buendnerfleisch.swiss\/fr\/une-source-denergie-de-grande-qualite\/","url":"https:\/\/www.buendnerfleisch.swiss\/fr\/une-source-denergie-de-grande-qualite\/","name":"Une source d\u2019\u00e9nergie de grande qualit\u00e9 - B\u00fcndnerfleisch","isPartOf":{"@id":"https:\/\/www.buendnerfleisch.swiss\/#website"},"datePublished":"2018-10-11T12:04:26+00:00","dateModified":"2018-10-11T12:04:26+00:00","breadcrumb":{"@id":"https:\/\/www.buendnerfleisch.swiss\/fr\/une-source-denergie-de-grande-qualite\/#breadcrumb"},"inLanguage":"fr-FR","potentialAction":[{"@type":"ReadAction","target":["https:\/\/www.buendnerfleisch.swiss\/fr\/une-source-denergie-de-grande-qualite\/"]}]},{"@type":"BreadcrumbList","@id":"https:\/\/www.buendnerfleisch.swiss\/fr\/une-source-denergie-de-grande-qualite\/#breadcrumb","itemListElement":[{"@type":"ListItem","position":1,"name":"Startseite","item":"https:\/\/www.buendnerfleisch.swiss\/fr\/"},{"@type":"ListItem","position":2,"name":"Une source d\u2019\u00e9nergie de grande qualit\u00e9"}]},{"@type":"WebSite","@id":"https:\/\/www.buendnerfleisch.swiss\/#website","url":"https:\/\/www.buendnerfleisch.swiss\/","name":"B\u00fcndnerfleisch","description":"Verband B\u00fcndner Fleischfabrikanten  VBF","potentialAction":[{"@type":"SearchAction","target":{"@type":"EntryPoint","urlTemplate":"https:\/\/www.buendnerfleisch.swiss\/?s={search_term_string}"},"query-input":{"@type":"PropertyValueSpecification","valueRequired":true,"valueName":"search_term_string"}}],"inLanguage":"fr-FR"}]}},"_links":{"self":[{"href":"https:\/\/www.buendnerfleisch.swiss\/fr\/wp-json\/wp\/v2\/pages\/2153"}],"collection":[{"href":"https:\/\/www.buendnerfleisch.swiss\/fr\/wp-json\/wp\/v2\/pages"}],"about":[{"href":"https:\/\/www.buendnerfleisch.swiss\/fr\/wp-json\/wp\/v2\/types\/page"}],"author":[{"embeddable":true,"href":"https:\/\/www.buendnerfleisch.swiss\/fr\/wp-json\/wp\/v2\/users\/2"}],"replies":[{"embeddable":true,"href":"https:\/\/www.buendnerfleisch.swiss\/fr\/wp-json\/wp\/v2\/comments?post=2153"}],"version-history":[{"count":2,"href":"https:\/\/www.buendnerfleisch.swiss\/fr\/wp-json\/wp\/v2\/pages\/2153\/revisions"}],"predecessor-version":[{"id":2181,"href":"https:\/\/www.buendnerfleisch.swiss\/fr\/wp-json\/wp\/v2\/pages\/2153\/revisions\/2181"}],"wp:attachment":[{"href":"https:\/\/www.buendnerfleisch.swiss\/fr\/wp-json\/wp\/v2\/media?parent=2153"}],"curies":[{"name":"wp","href":"https:\/\/api.w.org\/{rel}","templated":true}]}}